{"id":881,"date":"2021-09-18T20:33:55","date_gmt":"2021-09-18T20:33:55","guid":{"rendered":"https:\/\/skills4life.pt\/events-2\/"},"modified":"2023-09-07T23:50:36","modified_gmt":"2023-09-07T23:50:36","slug":"novidades","status":"publish","type":"page","link":"https:\/\/skills4life.pt\/?page_id=881","title":{"rendered":"Novidades"},"content":{"rendered":"\t\t<div data-elementor-type=\"wp-page\" data-elementor-id=\"881\" class=\"elementor elementor-881\">\n\t\t\t\t\t\t<section class=\"elementor-section elementor-top-section elementor-element elementor-element-2f7abc6 elementor-section-full_width elementor-section-height-min-height elementor-section-height-default elementor-section-items-middle\" data-id=\"2f7abc6\" data-element_type=\"section\" data-e-type=\"section\" data-settings=\"{&quot;background_background&quot;:&quot;classic&quot;}\">\n\t\t\t\t\t\t\t<div class=\"elementor-background-overlay\"><\/div>\n\t\t\t\t\t\t\t<div class=\"elementor-container elementor-column-gap-default\">\n\t\t\t\t\t<div class=\"elementor-column elementor-col-100 elementor-top-column elementor-element elementor-element-5f4f03c\" data-id=\"5f4f03c\" data-element_type=\"column\" data-e-type=\"column\">\n\t\t\t<div class=\"elementor-widget-wrap elementor-element-populated\">\n\t\t\t\t\t\t<section class=\"elementor-section elementor-inner-section elementor-element elementor-element-614a3c2 elementor-section-boxed elementor-section-height-default elementor-section-height-default\" data-id=\"614a3c2\" data-element_type=\"section\" data-e-type=\"section\">\n\t\t\t\t\t\t<div class=\"elementor-container elementor-column-gap-default\">\n\t\t\t\t\t<div class=\"elementor-column elementor-col-100 elementor-inner-column elementor-element elementor-element-2dc8c02\" data-id=\"2dc8c02\" data-element_type=\"column\" data-e-type=\"column\">\n\t\t\t<div class=\"elementor-widget-wrap elementor-element-populated\">\n\t\t\t\t\t\t<div class=\"elementor-element elementor-element-29aa0ac elementor-widget elementor-widget-heading\" data-id=\"29aa0ac\" data-element_type=\"widget\" data-e-type=\"widget\" data-widget_type=\"heading.default\">\n\t\t\t\t<div class=\"elementor-widget-container\">\n\t\t\t\t\t<h1 class=\"elementor-heading-title elementor-size-default\">Novidades<\/h1>\t\t\t\t<\/div>\n\t\t\t\t<\/div>\n\t\t\t\t\t<\/div>\n\t\t<\/div>\n\t\t\t\t\t<\/div>\n\t\t<\/section>\n\t\t\t\t\t<\/div>\n\t\t<\/div>\n\t\t\t\t\t<\/div>\n\t\t<\/section>\n\t\t\t\t<section class=\"elementor-section elementor-top-section elementor-element elementor-element-27e7120 elementor-section-boxed elementor-section-height-default elementor-section-height-default\" data-id=\"27e7120\" data-element_type=\"section\" data-e-type=\"section\">\n\t\t\t\t\t\t<div class=\"elementor-container elementor-column-gap-default\">\n\t\t\t\t\t<div class=\"elementor-column elementor-col-100 elementor-top-column elementor-element elementor-element-bc6ff6b\" data-id=\"bc6ff6b\" data-element_type=\"column\" data-e-type=\"column\">\n\t\t\t<div class=\"elementor-widget-wrap elementor-element-populated\">\n\t\t\t\t\t\t<div class=\"elementor-element elementor-element-f842183 elementor-widget elementor-widget-meafe-blog\" data-id=\"f842183\" data-element_type=\"widget\" data-e-type=\"widget\" data-widget_type=\"meafe-blog.default\">\n\t\t\t\t<div class=\"elementor-widget-container\">\n\t\t\t\t\t<div id=\"meafe-post-grid-f842183\" class=\"meafe-blog-wrapper layout-1\">\n            <div class=\"meafe-blog-innerwrapper\">\n                <div class=\"meafe-blog-card\" data-id=\"1038\">\n                    <div class=\"meafe-blog-card-inner\"><figure class=\"meafe-entry-media image-wrapper\"><a class=\"meafe-grid-post-link\" href=\"https:\/\/skills4life.pt\/?p=1038\" title=\"Nova Academia de Estudos que vai abrir em Guimar\u00e3es\"><img fetchpriority=\"high\" decoding=\"async\" width=\"370\" height=\"247\" src=\"https:\/\/skills4life.pt\/wp-content\/uploads\/2023\/09\/Logo-Pequeno-370x247.jpg\" class=\"attachment-meafe-blog-one size-meafe-blog-one\" alt=\"\" srcset=\"https:\/\/skills4life.pt\/wp-content\/uploads\/2023\/09\/Logo-Pequeno-370x247.jpg 370w, https:\/\/skills4life.pt\/wp-content\/uploads\/2023\/09\/Logo-Pequeno-270x180.jpg 270w, https:\/\/skills4life.pt\/wp-content\/uploads\/2023\/09\/Logo-Pequeno-360x240.jpg 360w\" sizes=\"(max-width: 370px) 100vw, 370px\" \/><\/a><\/figure><div class=\"meafe-entry-wrapper category--main\"><span class=\"category--wrapper\" itemprop=\"about\"><a href=\"https:\/\/skills4life.pt\/?cat=3\" rel=\"category\">Educa\u00e7\u00e3o<\/a><\/span><h2 class=\"meafe-entry-title\"><a class=\"meafe-grid-post-link\" href=\"https:\/\/skills4life.pt\/?p=1038\" title=\"Nova Academia de Estudos que vai abrir em Guimar\u00e3es\">Nova Academia de Estudos que vai abrir em Guimar\u00e3es<\/a><\/h2><div class=\"meafe-entry-meta details\"><div class=\"meafe-posted-by author\"><a href=\"https:\/\/skills4life.pt\/?author=1\" title=\"Artigos de admin\" rel=\"author\">admin<\/a><\/div><div class=\"meafe-posted-on meafe-date\"><time datetime=\"01\/09\/2023\">01\/09\/2023<\/time><\/div><\/div><div class=\"meafe-entry-content meafe-content\">\n                                    <p>Nova Academia de Estudos abre em Guimar\u00e3es Novo ano, nova...<\/p><\/div><div class=\"meafe-blog-button read-more\"><a href=\"https:\/\/skills4life.pt\/?p=1038\" class=\"meafe-post-elements-readmore-btn\">Ler mais<svg xmlns=\"http:\/\/www.w3.org\/2000\/svg\" width=\"11.249\"\n                                    height=\"7.741\" viewBox=\"0 0 11.249 7.741\">\n                                    <path id=\"Path_2\" data-name=\"Path 2\"\n                                        d=\"M11.1,45.417,7.748,42.069a.523.523,0,0,0-.74.74l2.455,2.455H.523a.523.523,0,0,0,0,1.046h8.94L7.008,48.764a.523.523,0,0,0,.74.74L11.1,46.156A.523.523,0,0,0,11.1,45.417Z\"\n                                        transform=\"translate(0 -41.916)\" fill=\"currentcolor\"\/>\n                                <\/svg><\/a><\/div><\/div><\/div>\n                <\/div><div class=\"meafe-blog-card\" data-id=\"1042\">\n                    <div class=\"meafe-blog-card-inner\"><figure class=\"meafe-entry-media image-wrapper\"><a class=\"meafe-grid-post-link\" href=\"https:\/\/skills4life.pt\/?p=1042\" title=\"In\u00edcio do ano letivo\"><img decoding=\"async\" width=\"370\" height=\"247\" src=\"https:\/\/skills4life.pt\/wp-content\/uploads\/2023\/09\/inicio-370x247.png\" class=\"attachment-meafe-blog-one size-meafe-blog-one\" alt=\"\" srcset=\"https:\/\/skills4life.pt\/wp-content\/uploads\/2023\/09\/inicio-370x247.png 370w, https:\/\/skills4life.pt\/wp-content\/uploads\/2023\/09\/inicio-300x200.png 300w, https:\/\/skills4life.pt\/wp-content\/uploads\/2023\/09\/inicio-270x180.png 270w, https:\/\/skills4life.pt\/wp-content\/uploads\/2023\/09\/inicio-360x240.png 360w, https:\/\/skills4life.pt\/wp-content\/uploads\/2023\/09\/inicio.png 720w\" sizes=\"(max-width: 370px) 100vw, 370px\" \/><\/a><\/figure><div class=\"meafe-entry-wrapper category--main\"><span class=\"category--wrapper\" itemprop=\"about\"><a href=\"https:\/\/skills4life.pt\/?cat=3\" rel=\"category\">Educa\u00e7\u00e3o<\/a><\/span><h2 class=\"meafe-entry-title\"><a class=\"meafe-grid-post-link\" href=\"https:\/\/skills4life.pt\/?p=1042\" title=\"In\u00edcio do ano letivo\">In\u00edcio do ano letivo<\/a><\/h2><div class=\"meafe-entry-meta details\"><div class=\"meafe-posted-by author\"><a href=\"https:\/\/skills4life.pt\/?author=1\" title=\"Artigos de admin\" rel=\"author\">admin<\/a><\/div><div class=\"meafe-posted-on meafe-date\"><time datetime=\"01\/09\/2023\">01\/09\/2023<\/time><\/div><\/div><div class=\"meafe-entry-content meafe-content\">\n                                    <p>In\u00edcio do ano letivo Aproxima-se o in\u00edcio de mais um...<\/p><\/div><div class=\"meafe-blog-button read-more\"><a href=\"https:\/\/skills4life.pt\/?p=1042\" class=\"meafe-post-elements-readmore-btn\">Ler mais<svg xmlns=\"http:\/\/www.w3.org\/2000\/svg\" width=\"11.249\"\n                                    height=\"7.741\" viewBox=\"0 0 11.249 7.741\">\n                                    <path id=\"Path_2\" data-name=\"Path 2\"\n                                        d=\"M11.1,45.417,7.748,42.069a.523.523,0,0,0-.74.74l2.455,2.455H.523a.523.523,0,0,0,0,1.046h8.94L7.008,48.764a.523.523,0,0,0,.74.74L11.1,46.156A.523.523,0,0,0,11.1,45.417Z\"\n                                        transform=\"translate(0 -41.916)\" fill=\"currentcolor\"\/>\n                                <\/svg><\/a><\/div><\/div><\/div>\n                <\/div><div class=\"meafe-blog-card\" data-id=\"1046\">\n                    <div class=\"meafe-blog-card-inner\"><figure class=\"meafe-entry-media image-wrapper\"><a class=\"meafe-grid-post-link\" href=\"https:\/\/skills4life.pt\/?p=1046\" title=\"Assun\u00e7\u00e3o Flores, Professora da UMinho, recebe pr\u00e9mio de carreira em It\u00e1lia\"><img decoding=\"async\" width=\"370\" height=\"247\" src=\"https:\/\/skills4life.pt\/wp-content\/uploads\/2021\/09\/Assuncao-Flores_S-370x247.jpg\" class=\"attachment-meafe-blog-one size-meafe-blog-one\" alt=\"\" srcset=\"https:\/\/skills4life.pt\/wp-content\/uploads\/2021\/09\/Assuncao-Flores_S-370x247.jpg 370w, https:\/\/skills4life.pt\/wp-content\/uploads\/2021\/09\/Assuncao-Flores_S-270x180.jpg 270w, https:\/\/skills4life.pt\/wp-content\/uploads\/2021\/09\/Assuncao-Flores_S-360x240.jpg 360w\" sizes=\"(max-width: 370px) 100vw, 370px\" \/><\/a><\/figure><div class=\"meafe-entry-wrapper category--main\"><span class=\"category--wrapper\" itemprop=\"about\"><a href=\"https:\/\/skills4life.pt\/?cat=3\" rel=\"category\">Educa\u00e7\u00e3o<\/a><\/span><h2 class=\"meafe-entry-title\"><a class=\"meafe-grid-post-link\" href=\"https:\/\/skills4life.pt\/?p=1046\" title=\"Assun\u00e7\u00e3o Flores, Professora da UMinho, recebe pr\u00e9mio de carreira em It\u00e1lia\">Assun\u00e7\u00e3o Flores, Professora da UMinho, recebe pr\u00e9mio de carreira em It\u00e1lia<\/a><\/h2><div class=\"meafe-entry-meta details\"><div class=\"meafe-posted-by author\"><a href=\"https:\/\/skills4life.pt\/?author=1\" title=\"Artigos de admin\" rel=\"author\">admin<\/a><\/div><div class=\"meafe-posted-on meafe-date\"><time datetime=\"01\/09\/2023\">01\/09\/2023<\/time><\/div><\/div><div class=\"meafe-entry-content meafe-content\">\n                                    <p>Assun\u00e7\u00e3o Flores, Professora da UMinho, recebe pr\u00e9mio de carreira em...<\/p><\/div><div class=\"meafe-blog-button read-more\"><a href=\"https:\/\/skills4life.pt\/?p=1046\" class=\"meafe-post-elements-readmore-btn\">Ler mais<svg xmlns=\"http:\/\/www.w3.org\/2000\/svg\" width=\"11.249\"\n                                    height=\"7.741\" viewBox=\"0 0 11.249 7.741\">\n                                    <path id=\"Path_2\" data-name=\"Path 2\"\n                                        d=\"M11.1,45.417,7.748,42.069a.523.523,0,0,0-.74.74l2.455,2.455H.523a.523.523,0,0,0,0,1.046h8.94L7.008,48.764a.523.523,0,0,0,.74.74L11.1,46.156A.523.523,0,0,0,11.1,45.417Z\"\n                                        transform=\"translate(0 -41.916)\" fill=\"currentcolor\"\/>\n                                <\/svg><\/a><\/div><\/div><\/div>\n                <\/div>\n            <\/div>\n        <\/div>\t\t\t\t<\/div>\n\t\t\t\t<\/div>\n\t\t\t\t\t<\/div>\n\t\t<\/div>\n\t\t\t\t\t<\/div>\n\t\t<\/section>\n\t\t\t\t<section class=\"elementor-section elementor-top-section elementor-element elementor-element-90f29f4 elementor-section-boxed elementor-section-height-default elementor-section-height-default\" data-id=\"90f29f4\" data-element_type=\"section\" data-e-type=\"section\">\n\t\t\t\t\t\t<div class=\"elementor-container elementor-column-gap-default\">\n\t\t\t\t\t<div class=\"elementor-column elementor-col-100 elementor-top-column elementor-element elementor-element-a258976\" data-id=\"a258976\" data-element_type=\"column\" data-e-type=\"column\">\n\t\t\t<div class=\"elementor-widget-wrap elementor-element-populated\">\n\t\t\t\t\t\t<div class=\"elementor-element elementor-element-0af834f elementor-widget elementor-widget-spacer\" data-id=\"0af834f\" data-element_type=\"widget\" data-e-type=\"widget\" data-widget_type=\"spacer.default\">\n\t\t\t\t<div class=\"elementor-widget-container\">\n\t\t\t\t\t\t\t<div class=\"elementor-spacer\">\n\t\t\t<div class=\"elementor-spacer-inner\"><\/div>\n\t\t<\/div>\n\t\t\t\t\t\t<\/div>\n\t\t\t\t<\/div>\n\t\t\t\t\t<\/div>\n\t\t<\/div>\n\t\t\t\t\t<\/div>\n\t\t<\/section>\n\t\t\t\t<section class=\"elementor-section elementor-top-section elementor-element elementor-element-7a9ae8b elementor-section-boxed elementor-section-height-default elementor-section-height-default elementor-invisible\" data-id=\"7a9ae8b\" data-element_type=\"section\" data-e-type=\"section\" data-settings=\"{&quot;background_background&quot;:&quot;classic&quot;,&quot;animation&quot;:&quot;fadeInDown&quot;}\">\n\t\t\t\t\t\t<div class=\"elementor-container elementor-column-gap-default\">\n\t\t\t\t\t<div class=\"elementor-column elementor-col-100 elementor-top-column elementor-element elementor-element-af288c1\" data-id=\"af288c1\" data-element_type=\"column\" data-e-type=\"column\">\n\t\t\t<div class=\"elementor-widget-wrap elementor-element-populated\">\n\t\t\t\t\t\t<section class=\"elementor-section elementor-inner-section elementor-element elementor-element-0908e3b elementor-section-content-middle elementor-section-boxed elementor-section-height-default elementor-section-height-default\" data-id=\"0908e3b\" data-element_type=\"section\" data-e-type=\"section\">\n\t\t\t\t\t\t<div class=\"elementor-container elementor-column-gap-default\">\n\t\t\t\t\t<div class=\"elementor-column elementor-col-50 elementor-inner-column elementor-element elementor-element-ac4ade1\" data-id=\"ac4ade1\" data-element_type=\"column\" data-e-type=\"column\">\n\t\t\t<div class=\"elementor-widget-wrap elementor-element-populated\">\n\t\t\t\t\t\t<div class=\"elementor-element elementor-element-87c3b24 elementor-widget elementor-widget-heading\" data-id=\"87c3b24\" data-element_type=\"widget\" data-e-type=\"widget\" data-widget_type=\"heading.default\">\n\t\t\t\t<div class=\"elementor-widget-container\">\n\t\t\t\t\t<h3 class=\"elementor-heading-title elementor-size-default\">Gostava de saber mais informa\u00e7\u00f5es?<\/h3>\t\t\t\t<\/div>\n\t\t\t\t<\/div>\n\t\t\t\t\t<\/div>\n\t\t<\/div>\n\t\t\t\t<div class=\"elementor-column elementor-col-50 elementor-inner-column elementor-element elementor-element-a7601d1\" data-id=\"a7601d1\" data-element_type=\"column\" data-e-type=\"column\">\n\t\t\t<div class=\"elementor-widget-wrap elementor-element-populated\">\n\t\t\t\t\t\t<div class=\"elementor-element elementor-element-1e6e0c7 elementor-widget__width-auto elementor-widget elementor-widget-button\" data-id=\"1e6e0c7\" data-element_type=\"widget\" data-e-type=\"widget\" data-widget_type=\"button.default\">\n\t\t\t\t<div class=\"elementor-widget-container\">\n\t\t\t\t\t\t\t\t\t<div class=\"elementor-button-wrapper\">\n\t\t\t\t\t<a class=\"elementor-button elementor-button-link elementor-size-sm\" href=\"https:\/\/skills4life.pt\/?page_id=863\">\n\t\t\t\t\t\t<span class=\"elementor-button-content-wrapper\">\n\t\t\t\t\t\t\t\t\t<span class=\"elementor-button-text\">Contate-nos<\/span>\n\t\t\t\t\t<\/span>\n\t\t\t\t\t<\/a>\n\t\t\t\t<\/div>\n\t\t\t\t\t\t\t\t<\/div>\n\t\t\t\t<\/div>\n\t\t\t\t\t<\/div>\n\t\t<\/div>\n\t\t\t\t\t<\/div>\n\t\t<\/section>\n\t\t\t\t\t<\/div>\n\t\t<\/div>\n\t\t\t\t\t<\/div>\n\t\t<\/section>\n\t\t\t\t<\/div>\n\t\t","protected":false},"excerpt":{"rendered":"<p>Novidades Educa\u00e7\u00e3o Nova Academia de Estudos que vai abrir em Guimar\u00e3es admin01\/09\/2023 Novo ano, nova vida, renovadas ambi\u00e7\u00f5es!&#8230; Nasce, oficialmente, no pr\u00f3ximo&#8230; Ler mais Educa\u00e7\u00e3o In\u00edcio do ano letivo admin01\/09\/2023 [&hellip;]<\/p>\n","protected":false},"author":1,"featured_media":0,"parent":0,"menu_order":0,"comment_status":"closed","ping_status":"closed","template":"elementor_header_footer","meta":{"footnotes":""},"class_list":["post-881","page","type-page","status-publish","hentry","rishi-post","no-post-thumbnail"],"rishi__cb_customizer_meta":"","_links":{"self":[{"href":"https:\/\/skills4life.pt\/index.php?rest_route=\/wp\/v2\/pages\/881","targetHints":{"allow":["GET"]}}],"collection":[{"href":"https:\/\/skills4life.pt\/index.php?rest_route=\/wp\/v2\/pages"}],"about":[{"href":"https:\/\/skills4life.pt\/index.php?rest_route=\/wp\/v2\/types\/page"}],"author":[{"embeddable":true,"href":"https:\/\/skills4life.pt\/index.php?rest_route=\/wp\/v2\/users\/1"}],"replies":[{"embeddable":true,"href":"https:\/\/skills4life.pt\/index.php?rest_route=%2Fwp%2Fv2%2Fcomments&post=881"}],"version-history":[{"count":16,"href":"https:\/\/skills4life.pt\/index.php?rest_route=\/wp\/v2\/pages\/881\/revisions"}],"predecessor-version":[{"id":2586,"href":"https:\/\/skills4life.pt\/index.php?rest_route=\/wp\/v2\/pages\/881\/revisions\/2586"}],"wp:attachment":[{"href":"https:\/\/skills4life.pt\/index.php?rest_route=%2Fwp%2Fv2%2Fmedia&parent=881"}],"curies":[{"name":"wp","href":"https:\/\/api.w.org\/{rel}","templated":true}]}}