{"id":739,"date":"2023-08-31T11:27:17","date_gmt":"2023-08-31T11:27:17","guid":{"rendered":"https:\/\/skills4life.pt\/team\/"},"modified":"2026-01-29T10:48:24","modified_gmt":"2026-01-29T10:48:24","slug":"equipa","status":"publish","type":"page","link":"https:\/\/skills4life.pt\/?page_id=739","title":{"rendered":"Equipa"},"content":{"rendered":"\t\t<div data-elementor-type=\"wp-page\" data-elementor-id=\"739\" class=\"elementor elementor-739\">\n\t\t\t\t\t\t<section class=\"elementor-section elementor-top-section elementor-element elementor-element-c60fcd9 elementor-section-full_width elementor-section-height-min-height elementor-section-height-default elementor-section-items-middle\" data-id=\"c60fcd9\" data-element_type=\"section\" data-e-type=\"section\" data-settings=\"{&quot;background_background&quot;:&quot;classic&quot;}\">\n\t\t\t\t\t\t\t<div class=\"elementor-background-overlay\"><\/div>\n\t\t\t\t\t\t\t<div class=\"elementor-container elementor-column-gap-default\">\n\t\t\t\t\t<div class=\"elementor-column elementor-col-100 elementor-top-column elementor-element elementor-element-f405cf2\" data-id=\"f405cf2\" data-element_type=\"column\" data-e-type=\"column\">\n\t\t\t<div class=\"elementor-widget-wrap elementor-element-populated\">\n\t\t\t\t\t\t<section class=\"elementor-section elementor-inner-section elementor-element elementor-element-2aa4bc3 elementor-section-boxed elementor-section-height-default elementor-section-height-default\" data-id=\"2aa4bc3\" data-element_type=\"section\" data-e-type=\"section\">\n\t\t\t\t\t\t<div class=\"elementor-container elementor-column-gap-default\">\n\t\t\t\t\t<div class=\"elementor-column elementor-col-100 elementor-inner-column elementor-element elementor-element-90c0789\" data-id=\"90c0789\" data-element_type=\"column\" data-e-type=\"column\">\n\t\t\t<div class=\"elementor-widget-wrap elementor-element-populated\">\n\t\t\t\t\t\t<div class=\"elementor-element elementor-element-2130fb3 elementor-widget elementor-widget-heading\" data-id=\"2130fb3\" data-element_type=\"widget\" data-e-type=\"widget\" data-widget_type=\"heading.default\">\n\t\t\t\t<div class=\"elementor-widget-container\">\n\t\t\t\t\t<h1 class=\"elementor-heading-title elementor-size-default\">Equipa<\/h1>\t\t\t\t<\/div>\n\t\t\t\t<\/div>\n\t\t\t\t\t<\/div>\n\t\t<\/div>\n\t\t\t\t\t<\/div>\n\t\t<\/section>\n\t\t\t\t\t<\/div>\n\t\t<\/div>\n\t\t\t\t\t<\/div>\n\t\t<\/section>\n\t\t\t\t<section class=\"elementor-section elementor-top-section elementor-element elementor-element-c987efb elementor-section-boxed elementor-section-height-default elementor-section-height-default\" data-id=\"c987efb\" data-element_type=\"section\" data-e-type=\"section\">\n\t\t\t\t\t\t<div class=\"elementor-container elementor-column-gap-default\">\n\t\t\t\t\t<div class=\"elementor-column elementor-col-100 elementor-top-column elementor-element elementor-element-686b1d9\" data-id=\"686b1d9\" data-element_type=\"column\" data-e-type=\"column\">\n\t\t\t<div class=\"elementor-widget-wrap elementor-element-populated\">\n\t\t\t\t\t\t<div class=\"elementor-element elementor-element-2510ab4 elementor-widget elementor-widget-text-editor\" data-id=\"2510ab4\" data-element_type=\"widget\" data-e-type=\"widget\" data-widget_type=\"text-editor.default\">\n\t\t\t\t<div class=\"elementor-widget-container\">\n\t\t\t\t\t\t\t\t\t<p data-start=\"213\" data-end=\"595\">Na <strong data-start=\"216\" data-end=\"231\">Skills4Life<\/strong>, utilizamos uma abordagem multidisciplinar com\u00a0 articula\u00e7\u00e3o das \u00e1reas do ensino e da psicologia o que nos\u00a0 permite um apoio integrado e ajustado \u00e0s necessidades de cada aluno. A nossa equipa \u00e9 composta por professores e profissionais de psicologia que colaboram em articula\u00e7\u00e3o com a garantia de um acompanhamento acad\u00e9mico e emocional consistente.<\/p><p data-start=\"602\" data-end=\"956\">Privilegiamos metodologias ativas e centradas no aluno, que promovam a participa\u00e7\u00e3o, o pensamento cr\u00edtico e a autonomia. Al\u00e9m disso, utilizamos estrat\u00e9gias diferenciadas como o ensino personalizado, a aprendizagem baseada em problemas, o refor\u00e7o positivo e o desenvolvimento de compet\u00eancias socioemocionais, respeitando sempre o ritmo individual de cada aluno.<\/p><p data-start=\"963\" data-end=\"1203\">Acreditamos que aprender \u00e9 um processo din\u00e2mico e cont\u00ednuo, pelo que procuramos criar um ambiente seguro, e motivador, onde os alunos se sintam confiantes para aprender, crescer e desenvolver compet\u00eancias essenciais para a vida.<\/p>\t\t\t\t\t\t\t\t<\/div>\n\t\t\t\t<\/div>\n\t\t\t\t\t<\/div>\n\t\t<\/div>\n\t\t\t\t\t<\/div>\n\t\t<\/section>\n\t\t\t\t<section class=\"elementor-section elementor-top-section elementor-element elementor-element-a89767b elementor-section-boxed elementor-section-height-default elementor-section-height-default elementor-invisible\" data-id=\"a89767b\" data-element_type=\"section\" data-e-type=\"section\" data-settings=\"{&quot;background_background&quot;:&quot;classic&quot;,&quot;animation&quot;:&quot;fadeInDown&quot;}\">\n\t\t\t\t\t\t<div class=\"elementor-container elementor-column-gap-default\">\n\t\t\t\t\t<div class=\"elementor-column elementor-col-100 elementor-top-column elementor-element elementor-element-e17bde5\" data-id=\"e17bde5\" data-element_type=\"column\" data-e-type=\"column\">\n\t\t\t<div class=\"elementor-widget-wrap elementor-element-populated\">\n\t\t\t\t\t\t<section class=\"elementor-section elementor-inner-section elementor-element elementor-element-20a7cad elementor-section-content-middle elementor-section-boxed elementor-section-height-default elementor-section-height-default\" data-id=\"20a7cad\" data-element_type=\"section\" data-e-type=\"section\">\n\t\t\t\t\t\t<div class=\"elementor-container elementor-column-gap-default\">\n\t\t\t\t\t<div class=\"elementor-column elementor-col-50 elementor-inner-column elementor-element elementor-element-9f02ceb\" data-id=\"9f02ceb\" data-element_type=\"column\" data-e-type=\"column\">\n\t\t\t<div class=\"elementor-widget-wrap elementor-element-populated\">\n\t\t\t\t\t\t<div class=\"elementor-element elementor-element-44e049f elementor-widget elementor-widget-heading\" data-id=\"44e049f\" data-element_type=\"widget\" data-e-type=\"widget\" data-widget_type=\"heading.default\">\n\t\t\t\t<div class=\"elementor-widget-container\">\n\t\t\t\t\t<h3 class=\"elementor-heading-title elementor-size-default\">Gostava de saber mais informa\u00e7\u00f5es?<\/h3>\t\t\t\t<\/div>\n\t\t\t\t<\/div>\n\t\t\t\t\t<\/div>\n\t\t<\/div>\n\t\t\t\t<div class=\"elementor-column elementor-col-50 elementor-inner-column elementor-element elementor-element-259e21f\" data-id=\"259e21f\" data-element_type=\"column\" data-e-type=\"column\">\n\t\t\t<div class=\"elementor-widget-wrap elementor-element-populated\">\n\t\t\t\t\t\t<div class=\"elementor-element elementor-element-3a06eab elementor-widget__width-auto elementor-widget elementor-widget-button\" data-id=\"3a06eab\" data-element_type=\"widget\" data-e-type=\"widget\" data-widget_type=\"button.default\">\n\t\t\t\t<div class=\"elementor-widget-container\">\n\t\t\t\t\t\t\t\t\t<div class=\"elementor-button-wrapper\">\n\t\t\t\t\t<a class=\"elementor-button elementor-button-link elementor-size-sm\" href=\"https:\/\/skills4life.pt\/?page_id=863\">\n\t\t\t\t\t\t<span class=\"elementor-button-content-wrapper\">\n\t\t\t\t\t\t\t\t\t<span class=\"elementor-button-text\">Contacte-nos<\/span>\n\t\t\t\t\t<\/span>\n\t\t\t\t\t<\/a>\n\t\t\t\t<\/div>\n\t\t\t\t\t\t\t\t<\/div>\n\t\t\t\t<\/div>\n\t\t\t\t\t<\/div>\n\t\t<\/div>\n\t\t\t\t\t<\/div>\n\t\t<\/section>\n\t\t\t\t\t<\/div>\n\t\t<\/div>\n\t\t\t\t\t<\/div>\n\t\t<\/section>\n\t\t\t\t<\/div>\n\t\t","protected":false},"excerpt":{"rendered":"<p>Equipa Na Skills4Life, utilizamos uma abordagem multidisciplinar com\u00a0 articula\u00e7\u00e3o das \u00e1reas do ensino e da psicologia o que nos\u00a0 permite um apoio integrado e ajustado \u00e0s necessidades de cada aluno. [&hellip;]<\/p>\n","protected":false},"author":1,"featured_media":0,"parent":0,"menu_order":0,"comment_status":"closed","ping_status":"closed","template":"elementor_header_footer","meta":{"footnotes":""},"class_list":["post-739","page","type-page","status-publish","hentry","rishi-post","no-post-thumbnail"],"rishi__cb_customizer_meta":"","_links":{"self":[{"href":"https:\/\/skills4life.pt\/index.php?rest_route=\/wp\/v2\/pages\/739","targetHints":{"allow":["GET"]}}],"collection":[{"href":"https:\/\/skills4life.pt\/index.php?rest_route=\/wp\/v2\/pages"}],"about":[{"href":"https:\/\/skills4life.pt\/index.php?rest_route=\/wp\/v2\/types\/page"}],"author":[{"embeddable":true,"href":"https:\/\/skills4life.pt\/index.php?rest_route=\/wp\/v2\/users\/1"}],"replies":[{"embeddable":true,"href":"https:\/\/skills4life.pt\/index.php?rest_route=%2Fwp%2Fv2%2Fcomments&post=739"}],"version-history":[{"count":40,"href":"https:\/\/skills4life.pt\/index.php?rest_route=\/wp\/v2\/pages\/739\/revisions"}],"predecessor-version":[{"id":2891,"href":"https:\/\/skills4life.pt\/index.php?rest_route=\/wp\/v2\/pages\/739\/revisions\/2891"}],"wp:attachment":[{"href":"https:\/\/skills4life.pt\/index.php?rest_route=%2Fwp%2Fv2%2Fmedia&parent=739"}],"curies":[{"name":"wp","href":"https:\/\/api.w.org\/{rel}","templated":true}]}}